{"id":179,"date":"2025-06-02T16:36:17","date_gmt":"2025-06-02T14:36:17","guid":{"rendered":"http:\/\/ariege-chaux-chanvre.fr\/?page_id=179"},"modified":"2025-06-19T20:26:29","modified_gmt":"2025-06-19T18:26:29","slug":"contactez-nous","status":"publish","type":"page","link":"https:\/\/ariege-chaux-chanvre.fr\/index.php\/contactez-nous\/","title":{"rendered":"Contactez nous"},"content":{"rendered":"\t\t<div data-elementor-type=\"wp-page\" data-elementor-id=\"179\" class=\"elementor elementor-179\">\n\t\t\t\t<div class=\"elementor-element elementor-element-3c700e8 e-flex e-con-boxed e-con e-parent\" data-id=\"3c700e8\" data-element_type=\"container\">\n\t\t\t\t\t<div class=\"e-con-inner\">\n\t\t\t\t<div class=\"elementor-element elementor-element-72bcbea elementor-widget elementor-widget-spacer\" data-id=\"72bcbea\" data-element_type=\"widget\" data-widget_type=\"spacer.default\">\n\t\t\t\t<div class=\"elementor-widget-container\">\n\t\t\t\t\t\t\t<div class=\"elementor-spacer\">\n\t\t\t<div class=\"elementor-spacer-inner\"><\/div>\n\t\t<\/div>\n\t\t\t\t\t\t<\/div>\n\t\t\t\t<\/div>\n\t\t\t\t<div class=\"elementor-element elementor-element-52a2f33 elementor-widget elementor-widget-text-editor\" data-id=\"52a2f33\" data-element_type=\"widget\" data-widget_type=\"text-editor.default\">\n\t\t\t\t<div class=\"elementor-widget-container\">\n\t\t\t\t\t\t\t\t\t\n<div class=\"wpcf7 no-js\" id=\"wpcf7-f201-o1\" lang=\"fr-FR\" dir=\"ltr\" data-wpcf7-id=\"201\">\n<div class=\"screen-reader-response\"><p role=\"status\" aria-live=\"polite\" aria-atomic=\"true\"><\/p> <ul><\/ul><\/div>\n<form action=\"\/index.php\/wp-json\/wp\/v2\/pages\/179#wpcf7-f201-o1\" method=\"post\" class=\"wpcf7-form init\" aria-label=\"Formulaire de contact\" novalidate=\"novalidate\" data-status=\"init\">\n<div style=\"display: none;\">\n<input type=\"hidden\" name=\"_wpcf7\" value=\"201\" \/>\n<input type=\"hidden\" name=\"_wpcf7_version\" value=\"6.0.6\" \/>\n<input type=\"hidden\" name=\"_wpcf7_locale\" value=\"fr_FR\" \/>\n<input type=\"hidden\" name=\"_wpcf7_unit_tag\" value=\"wpcf7-f201-o1\" \/>\n<input type=\"hidden\" name=\"_wpcf7_container_post\" value=\"0\" \/>\n<input type=\"hidden\" name=\"_wpcf7_posted_data_hash\" value=\"\" \/>\n<\/div>\n<p><label> Votre nom<br \/>\n<span class=\"wpcf7-form-control-wrap\" data-name=\"your-name\"><input size=\"40\" maxlength=\"400\" class=\"wpcf7-form-control wpcf7-text wpcf7-validates-as-required\" autocomplete=\"name\" aria-required=\"true\" aria-invalid=\"false\" value=\"\" type=\"text\" name=\"your-name\" \/><\/span> <\/label>\n<\/p>\n<p><label> Votre e-mail<br \/>\n<span class=\"wpcf7-form-control-wrap\" data-name=\"your-email\"><input size=\"40\" maxlength=\"400\" class=\"wpcf7-form-control wpcf7-email wpcf7-validates-as-required wpcf7-text wpcf7-validates-as-email\" autocomplete=\"email\" aria-required=\"true\" aria-invalid=\"false\" value=\"\" type=\"email\" name=\"your-email\" \/><\/span> <\/label>\n<\/p>\n<p><label> Objet<br \/>\n<span class=\"wpcf7-form-control-wrap\" data-name=\"your-subject\"><input size=\"40\" maxlength=\"400\" class=\"wpcf7-form-control wpcf7-text wpcf7-validates-as-required\" aria-required=\"true\" aria-invalid=\"false\" value=\"\" type=\"text\" name=\"your-subject\" \/><\/span> <\/label>\n<\/p>\n<p><label> Votre message (facultatif)<br \/>\n<span class=\"wpcf7-form-control-wrap\" data-name=\"your-message\"><textarea cols=\"40\" rows=\"10\" maxlength=\"2000\" class=\"wpcf7-form-control wpcf7-textarea\" aria-invalid=\"false\" name=\"your-message\"><\/textarea><\/span> <\/label>\n<\/p>\n<p><input class=\"wpcf7-form-control wpcf7-submit has-spinner\" type=\"submit\" value=\"Envoyer\" \/>\n<\/p><p style=\"display: none !important;\"><label>&#916;<textarea name=\"_wpcf7_ak_hp_textarea\" cols=\"45\" rows=\"8\" maxlength=\"100\"><\/textarea><\/label><input type=\"hidden\" id=\"ak_js_1\" name=\"_wpcf7_ak_js\" value=\"111\"\/><script>document.getElementById( \"ak_js_1\" ).setAttribute( \"value\", ( new Date() ).getTime() );<\/script><\/p><div class=\"wpcf7-response-output\" aria-hidden=\"true\"><\/div>\n<\/form>\n<\/div>\n\t\t\t\t\t\t\t\t<\/div>\n\t\t\t\t<\/div>\n\t\t\t\t\t<\/div>\n\t\t\t\t<\/div>\n\t\t<div class=\"elementor-element elementor-element-97da4f9 e-flex e-con-boxed e-con e-parent\" data-id=\"97da4f9\" data-element_type=\"container\">\n\t\t\t\t\t<div class=\"e-con-inner\">\n\t\t\t\t<div class=\"elementor-element elementor-element-2691ce7 elementor-widget elementor-widget-image\" data-id=\"2691ce7\" data-element_type=\"widget\" data-widget_type=\"image.default\">\n\t\t\t\t<div class=\"elementor-widget-container\">\n\t\t\t\t\t\t\t\t\t\t\t\t\t\t\t<img decoding=\"async\" width=\"300\" height=\"147\" src=\"https:\/\/ariege-chaux-chanvre.fr\/wp-content\/uploads\/2025\/05\/Logo-ACC-2-300x147.jpg\" class=\"attachment-medium size-medium wp-image-46\" alt=\"\" srcset=\"https:\/\/ariege-chaux-chanvre.fr\/wp-content\/uploads\/2025\/05\/Logo-ACC-2-300x147.jpg 300w, https:\/\/ariege-chaux-chanvre.fr\/wp-content\/uploads\/2025\/05\/Logo-ACC-2.jpg 432w\" sizes=\"(max-width: 300px) 100vw, 300px\" \/>\t\t\t\t\t\t\t\t\t\t\t\t\t\t\t<\/div>\n\t\t\t\t<\/div>\n\t\t<div class=\"elementor-element elementor-element-ac592e2 e-con-full e-flex e-con e-child\" data-id=\"ac592e2\" data-element_type=\"container\">\n\t\t\t\t<div class=\"elementor-element elementor-element-e667221 elementor-widget elementor-widget-heading\" data-id=\"e667221\" data-element_type=\"widget\" data-widget_type=\"heading.default\">\n\t\t\t\t<div class=\"elementor-widget-container\">\n\t\t\t\t\t<h2 class=\"elementor-heading-title elementor-size-default\">Qui sommes nous...<\/h2>\t\t\t\t<\/div>\n\t\t\t\t<\/div>\n\t\t\t\t<\/div>\n\t\t\t\t\t<\/div>\n\t\t\t\t<\/div>\n\t\t<div class=\"elementor-element elementor-element-fc3f81d e-grid e-con-boxed e-con e-parent\" data-id=\"fc3f81d\" data-element_type=\"container\">\n\t\t\t\t\t<div class=\"e-con-inner\">\n\t\t\t\t<div class=\"elementor-element elementor-element-649ab93 elementor-widget elementor-widget-text-editor\" data-id=\"649ab93\" data-element_type=\"widget\" data-widget_type=\"text-editor.default\">\n\t\t\t\t<div class=\"elementor-widget-container\">\n\t\t\t\t\t\t\t\t\t<h2>Kamel Hiouel<\/h2><p>&#8220;Apr\u00e8s plusieurs formations et dipl\u00f4mes obtenues dans diff\u00e9rents m\u00e9tiers du b\u00e2timent : plomberie, charpente bois, plaquiste; je commence \u00e0 me former \u00e0 l&#8217;\u00e9co-construction en 2005, lors de diff\u00e9rents stages organis\u00e9s par l&#8217;association Ecorce. Je me d\u00e9couvre une passion pour l&#8217;\u00e9co-construction et principalement le travail du pl\u00e2tre, de la chaux et du chanvre, ce qui m&#8217;am\u00e8ne \u00e0 passer un dipl\u00f4me de Ma\u00e7on B\u00e2ti Ancien en 2009. Je m&#8217;installe en tant qu&#8217;auto entrepreneur la m\u00eame ann\u00e9e. Riche de mes exp\u00e9riences, je transmet mes comp\u00e9tences et ma passion \u00e0 travers diff\u00e9rentes formations que j&#8217;anime pour Ecorce ou la chambre des m\u00e9tiers avec les pl\u00e2tes Vieujeot (Argio)&#8221;<\/p>\t\t\t\t\t\t\t\t<\/div>\n\t\t\t\t<\/div>\n\t\t\t\t<div class=\"elementor-element elementor-element-f0b3781 elementor-widget elementor-widget-text-editor\" data-id=\"f0b3781\" data-element_type=\"widget\" data-widget_type=\"text-editor.default\">\n\t\t\t\t<div class=\"elementor-widget-container\">\n\t\t\t\t\t\t\t\t\t<h2>David Rousseau<\/h2><p>&#8220;Dipl\u00f4m\u00e9 d&#8217;une formation d&#8217;ouvrier en restauration du patrimoine (OPRP) suivit au Gabion en 2019, j&#8217;ai \u00e9t\u00e9 form\u00e9 aux techniques de ma\u00e7onnerie pierre et pierre s\u00e8che, aux enduits chaux, terre et pl\u00e2tre ainsi qu&#8217;a la taille de pierre et la charpente. Particuli\u00e8rement int\u00e9ress\u00e9 par le patrimoine et &#8221;les vieilles pierres&#8221;, je r\u00e9alise la plupart de mes stages en monuments historiques. Suite \u00e0 cette formation, je choisis de m&#8217;installer en Ari\u00e8ge et continue de travailler sur des chantiers de ma\u00e7onnerie pierre et pierre s\u00e8che et de me former aux techniques d&#8217;enduits chaux, terre et pl\u00e2tre&#8221;<\/p>\t\t\t\t\t\t\t\t<\/div>\n\t\t\t\t<\/div>\n\t\t\t\t\t<\/div>\n\t\t\t\t<\/div>\n\t\t\t\t<\/div>\n\t\t","protected":false},"excerpt":{"rendered":"<p>Qui sommes nous&#8230; Kamel Hiouel &#8220;Apr\u00e8s plusieurs formations et dipl\u00f4mes obtenues dans diff\u00e9rents m\u00e9tiers du b\u00e2timent : plomberie, charpente bois, plaquiste; je commence \u00e0 me former \u00e0 l&#8217;\u00e9co-construction en 2005, lors de diff\u00e9rents stages organis\u00e9s par l&#8217;association Ecorce. Je me d\u00e9couvre une passion pour l&#8217;\u00e9co-construction et principalement le travail du&#8230;<\/p>\n","protected":false},"author":1,"featured_media":0,"parent":0,"menu_order":0,"comment_status":"closed","ping_status":"closed","template":"","meta":{"footnotes":""},"class_list":["post-179","page","type-page","status-publish","hentry"],"yoast_head":"<!-- This site is optimized with the Yoast SEO plugin v25.2 - https:\/\/yoast.com\/wordpress\/plugins\/seo\/ -->\n<title>Contactez nous - Ari\u00e8ge Chaux Chanvre<\/title>\n<meta name=\"description\" content=\"Contacts - Notre \u00e9quipe est la pour vous conseiller et vous accompagner dans votre projet d&#039;\u00e9co-construction ou d&#039;\u00e9co-r\u00e9novation\" \/>\n<meta name=\"robots\" content=\"index, follow, max-snippet:-1, max-image-preview:large, max-video-preview:-1\" \/>\n<link rel=\"canonical\" href=\"https:\/\/ariege-chaux-chanvre.fr\/index.php\/contactez-nous\/\" \/>\n<meta property=\"og:locale\" content=\"en_US\" \/>\n<meta property=\"og:type\" content=\"article\" \/>\n<meta property=\"og:title\" content=\"Contactez nous - Ari\u00e8ge Chaux Chanvre\" \/>\n<meta property=\"og:description\" content=\"Contacts - Notre \u00e9quipe est la pour vous conseiller et vous accompagner dans votre projet d&#039;\u00e9co-construction ou d&#039;\u00e9co-r\u00e9novation\" \/>\n<meta property=\"og:url\" content=\"https:\/\/ariege-chaux-chanvre.fr\/index.php\/contactez-nous\/\" \/>\n<meta property=\"og:site_name\" content=\"Ari\u00e8ge Chaux Chanvre\" \/>\n<meta property=\"article:modified_time\" content=\"2025-06-19T18:26:29+00:00\" \/>\n<meta property=\"og:image\" content=\"https:\/\/ariege-chaux-chanvre.fr\/wp-content\/uploads\/2025\/05\/Logo-ACC-2.jpg\" \/>\n\t<meta property=\"og:image:width\" content=\"432\" \/>\n\t<meta property=\"og:image:height\" content=\"212\" \/>\n\t<meta property=\"og:image:type\" content=\"image\/jpeg\" \/>\n<meta name=\"twitter:card\" content=\"summary_large_image\" \/>\n<meta name=\"twitter:label1\" content=\"Est. reading time\" \/>\n\t<meta name=\"twitter:data1\" content=\"2 minutes\" \/>\n<script type=\"application\/ld+json\" class=\"yoast-schema-graph\">{\"@context\":\"https:\/\/schema.org\",\"@graph\":[{\"@type\":\"WebPage\",\"@id\":\"https:\/\/ariege-chaux-chanvre.fr\/index.php\/contactez-nous\/\",\"url\":\"https:\/\/ariege-chaux-chanvre.fr\/index.php\/contactez-nous\/\",\"name\":\"Contactez nous - Ari\u00e8ge Chaux Chanvre\",\"isPartOf\":{\"@id\":\"https:\/\/ariege-chaux-chanvre.fr\/#website\"},\"primaryImageOfPage\":{\"@id\":\"https:\/\/ariege-chaux-chanvre.fr\/index.php\/contactez-nous\/#primaryimage\"},\"image\":{\"@id\":\"https:\/\/ariege-chaux-chanvre.fr\/index.php\/contactez-nous\/#primaryimage\"},\"thumbnailUrl\":\"http:\/\/ariege-chaux-chanvre.fr\/wp-content\/uploads\/2025\/05\/Logo-ACC-2-300x147.jpg\",\"datePublished\":\"2025-06-02T14:36:17+00:00\",\"dateModified\":\"2025-06-19T18:26:29+00:00\",\"description\":\"Contacts - Notre \u00e9quipe est la pour vous conseiller et vous accompagner dans votre projet d'\u00e9co-construction ou d'\u00e9co-r\u00e9novation\",\"breadcrumb\":{\"@id\":\"https:\/\/ariege-chaux-chanvre.fr\/index.php\/contactez-nous\/#breadcrumb\"},\"inLanguage\":\"en-US\",\"potentialAction\":[{\"@type\":\"ReadAction\",\"target\":[\"https:\/\/ariege-chaux-chanvre.fr\/index.php\/contactez-nous\/\"]}]},{\"@type\":\"ImageObject\",\"inLanguage\":\"en-US\",\"@id\":\"https:\/\/ariege-chaux-chanvre.fr\/index.php\/contactez-nous\/#primaryimage\",\"url\":\"https:\/\/ariege-chaux-chanvre.fr\/wp-content\/uploads\/2025\/05\/Logo-ACC-2.jpg\",\"contentUrl\":\"https:\/\/ariege-chaux-chanvre.fr\/wp-content\/uploads\/2025\/05\/Logo-ACC-2.jpg\",\"width\":432,\"height\":212},{\"@type\":\"BreadcrumbList\",\"@id\":\"https:\/\/ariege-chaux-chanvre.fr\/index.php\/contactez-nous\/#breadcrumb\",\"itemListElement\":[{\"@type\":\"ListItem\",\"position\":1,\"name\":\"Accueil\",\"item\":\"https:\/\/ariege-chaux-chanvre.fr\/\"},{\"@type\":\"ListItem\",\"position\":2,\"name\":\"Contactez nous\"}]},{\"@type\":\"WebSite\",\"@id\":\"https:\/\/ariege-chaux-chanvre.fr\/#website\",\"url\":\"https:\/\/ariege-chaux-chanvre.fr\/\",\"name\":\"Ari\u00e8ge Chaux Chanvre\",\"description\":\"Ma\u00e7onnerie B\u00e2ti Ancien - Enduits Naturels\",\"publisher\":{\"@id\":\"https:\/\/ariege-chaux-chanvre.fr\/#organization\"},\"potentialAction\":[{\"@type\":\"SearchAction\",\"target\":{\"@type\":\"EntryPoint\",\"urlTemplate\":\"https:\/\/ariege-chaux-chanvre.fr\/?s={search_term_string}\"},\"query-input\":{\"@type\":\"PropertyValueSpecification\",\"valueRequired\":true,\"valueName\":\"search_term_string\"}}],\"inLanguage\":\"en-US\"},{\"@type\":\"Organization\",\"@id\":\"https:\/\/ariege-chaux-chanvre.fr\/#organization\",\"name\":\"Ari\u00e8ge Chaux Chanvre\",\"url\":\"https:\/\/ariege-chaux-chanvre.fr\/\",\"logo\":{\"@type\":\"ImageObject\",\"inLanguage\":\"en-US\",\"@id\":\"https:\/\/ariege-chaux-chanvre.fr\/#\/schema\/logo\/image\/\",\"url\":\"https:\/\/ariege-chaux-chanvre.fr\/wp-content\/uploads\/2025\/05\/Logo-ACC-2.jpg\",\"contentUrl\":\"https:\/\/ariege-chaux-chanvre.fr\/wp-content\/uploads\/2025\/05\/Logo-ACC-2.jpg\",\"width\":432,\"height\":212,\"caption\":\"Ari\u00e8ge Chaux Chanvre\"},\"image\":{\"@id\":\"https:\/\/ariege-chaux-chanvre.fr\/#\/schema\/logo\/image\/\"}}]}<\/script>\n<!-- \/ Yoast SEO plugin. -->","yoast_head_json":{"title":"Contactez nous - Ari\u00e8ge Chaux Chanvre","description":"Contacts - Notre \u00e9quipe est la pour vous conseiller et vous accompagner dans votre projet d'\u00e9co-construction ou d'\u00e9co-r\u00e9novation","robots":{"index":"index","follow":"follow","max-snippet":"max-snippet:-1","max-image-preview":"max-image-preview:large","max-video-preview":"max-video-preview:-1"},"canonical":"https:\/\/ariege-chaux-chanvre.fr\/index.php\/contactez-nous\/","og_locale":"en_US","og_type":"article","og_title":"Contactez nous - Ari\u00e8ge Chaux Chanvre","og_description":"Contacts - Notre \u00e9quipe est la pour vous conseiller et vous accompagner dans votre projet d'\u00e9co-construction ou d'\u00e9co-r\u00e9novation","og_url":"https:\/\/ariege-chaux-chanvre.fr\/index.php\/contactez-nous\/","og_site_name":"Ari\u00e8ge Chaux Chanvre","article_modified_time":"2025-06-19T18:26:29+00:00","og_image":[{"width":432,"height":212,"url":"https:\/\/ariege-chaux-chanvre.fr\/wp-content\/uploads\/2025\/05\/Logo-ACC-2.jpg","type":"image\/jpeg"}],"twitter_card":"summary_large_image","twitter_misc":{"Est. reading time":"2 minutes"},"schema":{"@context":"https:\/\/schema.org","@graph":[{"@type":"WebPage","@id":"https:\/\/ariege-chaux-chanvre.fr\/index.php\/contactez-nous\/","url":"https:\/\/ariege-chaux-chanvre.fr\/index.php\/contactez-nous\/","name":"Contactez nous - Ari\u00e8ge Chaux Chanvre","isPartOf":{"@id":"https:\/\/ariege-chaux-chanvre.fr\/#website"},"primaryImageOfPage":{"@id":"https:\/\/ariege-chaux-chanvre.fr\/index.php\/contactez-nous\/#primaryimage"},"image":{"@id":"https:\/\/ariege-chaux-chanvre.fr\/index.php\/contactez-nous\/#primaryimage"},"thumbnailUrl":"http:\/\/ariege-chaux-chanvre.fr\/wp-content\/uploads\/2025\/05\/Logo-ACC-2-300x147.jpg","datePublished":"2025-06-02T14:36:17+00:00","dateModified":"2025-06-19T18:26:29+00:00","description":"Contacts - Notre \u00e9quipe est la pour vous conseiller et vous accompagner dans votre projet d'\u00e9co-construction ou d'\u00e9co-r\u00e9novation","breadcrumb":{"@id":"https:\/\/ariege-chaux-chanvre.fr\/index.php\/contactez-nous\/#breadcrumb"},"inLanguage":"en-US","potentialAction":[{"@type":"ReadAction","target":["https:\/\/ariege-chaux-chanvre.fr\/index.php\/contactez-nous\/"]}]},{"@type":"ImageObject","inLanguage":"en-US","@id":"https:\/\/ariege-chaux-chanvre.fr\/index.php\/contactez-nous\/#primaryimage","url":"https:\/\/ariege-chaux-chanvre.fr\/wp-content\/uploads\/2025\/05\/Logo-ACC-2.jpg","contentUrl":"https:\/\/ariege-chaux-chanvre.fr\/wp-content\/uploads\/2025\/05\/Logo-ACC-2.jpg","width":432,"height":212},{"@type":"BreadcrumbList","@id":"https:\/\/ariege-chaux-chanvre.fr\/index.php\/contactez-nous\/#breadcrumb","itemListElement":[{"@type":"ListItem","position":1,"name":"Accueil","item":"https:\/\/ariege-chaux-chanvre.fr\/"},{"@type":"ListItem","position":2,"name":"Contactez nous"}]},{"@type":"WebSite","@id":"https:\/\/ariege-chaux-chanvre.fr\/#website","url":"https:\/\/ariege-chaux-chanvre.fr\/","name":"Ari\u00e8ge Chaux Chanvre","description":"Ma\u00e7onnerie B\u00e2ti Ancien - Enduits Naturels","publisher":{"@id":"https:\/\/ariege-chaux-chanvre.fr\/#organization"},"potentialAction":[{"@type":"SearchAction","target":{"@type":"EntryPoint","urlTemplate":"https:\/\/ariege-chaux-chanvre.fr\/?s={search_term_string}"},"query-input":{"@type":"PropertyValueSpecification","valueRequired":true,"valueName":"search_term_string"}}],"inLanguage":"en-US"},{"@type":"Organization","@id":"https:\/\/ariege-chaux-chanvre.fr\/#organization","name":"Ari\u00e8ge Chaux Chanvre","url":"https:\/\/ariege-chaux-chanvre.fr\/","logo":{"@type":"ImageObject","inLanguage":"en-US","@id":"https:\/\/ariege-chaux-chanvre.fr\/#\/schema\/logo\/image\/","url":"https:\/\/ariege-chaux-chanvre.fr\/wp-content\/uploads\/2025\/05\/Logo-ACC-2.jpg","contentUrl":"https:\/\/ariege-chaux-chanvre.fr\/wp-content\/uploads\/2025\/05\/Logo-ACC-2.jpg","width":432,"height":212,"caption":"Ari\u00e8ge Chaux Chanvre"},"image":{"@id":"https:\/\/ariege-chaux-chanvre.fr\/#\/schema\/logo\/image\/"}}]}},"_links":{"self":[{"href":"https:\/\/ariege-chaux-chanvre.fr\/index.php\/wp-json\/wp\/v2\/pages\/179","targetHints":{"allow":["GET"]}}],"collection":[{"href":"https:\/\/ariege-chaux-chanvre.fr\/index.php\/wp-json\/wp\/v2\/pages"}],"about":[{"href":"https:\/\/ariege-chaux-chanvre.fr\/index.php\/wp-json\/wp\/v2\/types\/page"}],"author":[{"embeddable":true,"href":"https:\/\/ariege-chaux-chanvre.fr\/index.php\/wp-json\/wp\/v2\/users\/1"}],"replies":[{"embeddable":true,"href":"https:\/\/ariege-chaux-chanvre.fr\/index.php\/wp-json\/wp\/v2\/comments?post=179"}],"version-history":[{"count":19,"href":"https:\/\/ariege-chaux-chanvre.fr\/index.php\/wp-json\/wp\/v2\/pages\/179\/revisions"}],"predecessor-version":[{"id":309,"href":"https:\/\/ariege-chaux-chanvre.fr\/index.php\/wp-json\/wp\/v2\/pages\/179\/revisions\/309"}],"wp:attachment":[{"href":"https:\/\/ariege-chaux-chanvre.fr\/index.php\/wp-json\/wp\/v2\/media?parent=179"}],"curies":[{"name":"wp","href":"https:\/\/api.w.org\/{rel}","templated":true}]}}