{"id":99,"date":"2025-05-25T20:19:20","date_gmt":"2025-05-25T18:19:20","guid":{"rendered":"http:\/\/ariege-chaux-chanvre.fr\/?page_id=99"},"modified":"2026-02-11T19:24:54","modified_gmt":"2026-02-11T18:24:54","slug":"enduits-naturels","status":"publish","type":"page","link":"https:\/\/ariege-chaux-chanvre.fr\/index.php\/acceuil-ariege-chaux-chanvre\/enduits-naturels\/","title":{"rendered":"Enduits Naturels"},"content":{"rendered":"\t\t<div data-elementor-type=\"wp-page\" data-elementor-id=\"99\" class=\"elementor elementor-99\">\n\t\t\t\t<div class=\"elementor-element elementor-element-9b719ea e-flex e-con-boxed e-con e-parent\" data-id=\"9b719ea\" data-element_type=\"container\">\n\t\t\t\t\t<div class=\"e-con-inner\">\n\t\t\t\t<div class=\"elementor-element elementor-element-b499017 elementor-widget elementor-widget-image\" data-id=\"b499017\" data-element_type=\"widget\" data-widget_type=\"image.default\">\n\t\t\t\t<div class=\"elementor-widget-container\">\n\t\t\t\t\t\t\t\t\t\t\t\t\t\t\t<img fetchpriority=\"high\" decoding=\"async\" width=\"640\" height=\"428\" src=\"https:\/\/ariege-chaux-chanvre.fr\/wp-content\/uploads\/2025\/05\/Enduit-platre-lin-768x514.jpg\" class=\"attachment-medium_large size-medium_large wp-image-34\" alt=\"\" srcset=\"https:\/\/ariege-chaux-chanvre.fr\/wp-content\/uploads\/2025\/05\/Enduit-platre-lin-768x514.jpg 768w, https:\/\/ariege-chaux-chanvre.fr\/wp-content\/uploads\/2025\/05\/Enduit-platre-lin-300x201.jpg 300w, https:\/\/ariege-chaux-chanvre.fr\/wp-content\/uploads\/2025\/05\/Enduit-platre-lin-850x569.jpg 850w, https:\/\/ariege-chaux-chanvre.fr\/wp-content\/uploads\/2025\/05\/Enduit-platre-lin.jpg 1001w\" sizes=\"(max-width: 640px) 100vw, 640px\" \/>\t\t\t\t\t\t\t\t\t\t\t\t\t\t\t<\/div>\n\t\t\t\t<\/div>\n\t\t\t\t\t<\/div>\n\t\t\t\t<\/div>\n\t\t<div class=\"elementor-element elementor-element-d92f56a e-flex e-con-boxed e-con e-parent\" data-id=\"d92f56a\" data-element_type=\"container\">\n\t\t\t\t\t<div class=\"e-con-inner\">\n\t\t\t\t<div class=\"elementor-element elementor-element-58ff3de elementor-widget elementor-widget-spacer\" data-id=\"58ff3de\" data-element_type=\"widget\" data-widget_type=\"spacer.default\">\n\t\t\t\t<div class=\"elementor-widget-container\">\n\t\t\t\t\t\t\t<div class=\"elementor-spacer\">\n\t\t\t<div class=\"elementor-spacer-inner\"><\/div>\n\t\t<\/div>\n\t\t\t\t\t\t<\/div>\n\t\t\t\t<\/div>\n\t\t\t\t<div class=\"elementor-element elementor-element-7708596 elementor-widget elementor-widget-heading\" data-id=\"7708596\" data-element_type=\"widget\" data-widget_type=\"heading.default\">\n\t\t\t\t<div class=\"elementor-widget-container\">\n\t\t\t\t\t<h2 class=\"elementor-heading-title elementor-size-default\">Des enduits naturels pour un habitat sain<\/h2>\t\t\t\t<\/div>\n\t\t\t\t<\/div>\n\t\t\t\t\t<\/div>\n\t\t\t\t<\/div>\n\t\t<div class=\"elementor-element elementor-element-73b8225 e-flex e-con-boxed e-con e-parent\" data-id=\"73b8225\" data-element_type=\"container\">\n\t\t\t\t\t<div class=\"e-con-inner\">\n\t\t\t\t<div class=\"elementor-element elementor-element-5dea52a elementor-widget elementor-widget-text-editor\" data-id=\"5dea52a\" data-element_type=\"widget\" data-widget_type=\"text-editor.default\">\n\t\t\t\t<div class=\"elementor-widget-container\">\n\t\t\t\t\t\t\t\t\t<p><strong>La Chaux <\/strong>:<\/p><p>Nous utilisons la chaux, en restauration comme en construction neuve, pour ses qualit\u00e9s perspirante et de protection contre la pluie.<\/p><p>La chaux est un produit naturel et \u00e9cologique, issu du calcaire, qui va assainir votre habitat et peu vous offrir tout un choix de textures et de couleurs : brut, liss\u00e9, fibr\u00e9, pigment\u00e9&#8230; les possibilit\u00e9 sont infinis !<\/p><p>Les peintures naturelles \u00e0 la chaux (badigeon, patines) sont \u00e9galement possible pour un rendu satin\u00e9 et l\u00e9g\u00e8rement textur\u00e9.<\/p><p><img decoding=\"async\" class=\"alignnone wp-image-322 size-medium\" src=\"http:\/\/ariege-chaux-chanvre.fr\/wp-content\/uploads\/2025\/07\/separateur-calcaire-300x143.webp\" alt=\"\" width=\"300\" height=\"143\" srcset=\"https:\/\/ariege-chaux-chanvre.fr\/wp-content\/uploads\/2025\/07\/separateur-calcaire-300x143.webp 300w, https:\/\/ariege-chaux-chanvre.fr\/wp-content\/uploads\/2025\/07\/separateur-calcaire.webp 388w\" sizes=\"(max-width: 300px) 100vw, 300px\" \/> \u00a0<\/p><p><strong>Le Pl\u00e2tre<\/strong> :<\/p><p>Utilis\u00e9 d\u00e8s le moyen age en Europe, pour sa facilit\u00e9 d&#8217;utilisation et ses propri\u00e9t\u00e9s isolante et ignifuge (coup feu), le pl\u00e2tre se d\u00e9veloppe \u00e0 la renaissance gr\u00e2ce \u00e0 ses qualit\u00e9s esth\u00e9tique et structurel : Enduit, ornement, moulage, corniche&#8230;<\/p><p>R\u00e9alis\u00e9 \u00e0 partir du gypse, le pl\u00e2tre a la particularit\u00e9 d&#8217;\u00eatre en m\u00eame temps le liant et la charge, ce qui permet d&#8217;avoir des enduits tr\u00e8s fins, lisses, qui peuvent \u00eatre peints et lessiv\u00e9s.<\/p><p>Cela en fait un enduit id\u00e9al pour votre int\u00e9rieur&#8230;<\/p><p><img decoding=\"async\" class=\"size-medium wp-image-324 aligncenter\" src=\"http:\/\/ariege-chaux-chanvre.fr\/wp-content\/uploads\/2025\/07\/separateur-gypse-300x143.webp\" alt=\"\" width=\"300\" height=\"143\" srcset=\"https:\/\/ariege-chaux-chanvre.fr\/wp-content\/uploads\/2025\/07\/separateur-gypse-300x143.webp 300w, https:\/\/ariege-chaux-chanvre.fr\/wp-content\/uploads\/2025\/07\/separateur-gypse.webp 388w\" sizes=\"(max-width: 300px) 100vw, 300px\" \/><\/p><p><strong>La Terre<\/strong> :<\/p><p>Mat\u00e9riau naturel ancestral, la terre est utilis\u00e9 dans 30% des habitats dans le monde. Elle est simple \u00e0 trouver, elle peut m\u00eame \u00eatre sur votre terrain.<\/p><p>La terre est id\u00e9al en int\u00e9rieur pour ses qualit\u00e9s d&#8217;inertie et de gestion de l&#8217;hydrom\u00e9trie. En enduit elle conservera et restituera rapidement la chaleur de votre chauffage et gardera la fraicheur en \u00e9t\u00e9.<\/p><p>Les enduits terre on \u00e9galement un bon potentiel d\u00e9coratif avec des possibilit\u00e9s de couleurs naturelles douce ou intense&#8230; Simple \u00e0 utiliser, local, recyclable \u00e0 l&#8217;infini, la terre \u00e0 tous d&#8217;un mat\u00e9riau d&#8217;avenir !<\/p><p><img loading=\"lazy\" decoding=\"async\" class=\"size-medium wp-image-281 aligncenter\" src=\"http:\/\/ariege-chaux-chanvre.fr\/wp-content\/uploads\/2025\/06\/separateur-pigment-300x143.webp\" alt=\"\" width=\"300\" height=\"143\" srcset=\"https:\/\/ariege-chaux-chanvre.fr\/wp-content\/uploads\/2025\/06\/separateur-pigment-300x143.webp 300w, https:\/\/ariege-chaux-chanvre.fr\/wp-content\/uploads\/2025\/06\/separateur-pigment.webp 388w\" sizes=\"(max-width: 300px) 100vw, 300px\" \/><\/p>\t\t\t\t\t\t\t\t<\/div>\n\t\t\t\t<\/div>\n\t\t\t\t\t<\/div>\n\t\t\t\t<\/div>\n\t\t<div class=\"elementor-element elementor-element-2cda8cc e-flex e-con-boxed e-con e-parent\" data-id=\"2cda8cc\" data-element_type=\"container\">\n\t\t\t\t\t<div class=\"e-con-inner\">\n\t\t\t\t<div class=\"elementor-element elementor-element-d14e035 elementor-widget elementor-widget-spacer\" data-id=\"d14e035\" data-element_type=\"widget\" data-widget_type=\"spacer.default\">\n\t\t\t\t<div class=\"elementor-widget-container\">\n\t\t\t\t\t\t\t<div class=\"elementor-spacer\">\n\t\t\t<div class=\"elementor-spacer-inner\"><\/div>\n\t\t<\/div>\n\t\t\t\t\t\t<\/div>\n\t\t\t\t<\/div>\n\t\t\t\t<div class=\"elementor-element elementor-element-bc0d891 elementor-widget elementor-widget-heading\" data-id=\"bc0d891\" data-element_type=\"widget\" data-widget_type=\"heading.default\">\n\t\t\t\t<div class=\"elementor-widget-container\">\n\t\t\t\t\t<h2 class=\"elementor-heading-title elementor-size-default\">Des enduits naturels pour un confort int\u00e9rieur<\/h2>\t\t\t\t<\/div>\n\t\t\t\t<\/div>\n\t\t<div class=\"elementor-element elementor-element-a18e433 e-con-full e-flex e-con e-child\" data-id=\"a18e433\" data-element_type=\"container\">\n\t\t\t\t<div class=\"elementor-element elementor-element-6c0aa93 elementor-widget elementor-widget-text-editor\" data-id=\"6c0aa93\" data-element_type=\"widget\" data-widget_type=\"text-editor.default\">\n\t\t\t\t<div class=\"elementor-widget-container\">\n\t\t\t\t\t\t\t\t\t<p><strong>Enduit Chaux Chanvre et Pl\u00e2tre Chaux Chanvre<\/strong> :<\/p><p>Cet enduit est un correcteur thermique, hydrom\u00e9trique et phonique.<\/p><p>Id\u00e9al pour les murs en pierre, il garde la perspirance des murs et coupe le rayonnement de la pierre, pour cr\u00e9er une parois chaude, permettant de r\u00e9duire le chauffage \u00e0 19\u00b0c pour un ressentit \u00e0 21\u00b0c.<\/p><p>Pr\u00e9conis\u00e9 en \u00e9paisseur d&#8217;au minimum 4 cm, l&#8217;enduit permet d&#8217;encastrer l&#8217;electricit\u00e9 et de redresser les murs. Il a un cot\u00e9 rustique et peu avoir diff\u00e9rentes finitions : pl\u00e2tre, badigeon ou ponc\u00e9 pour faire ressortir les fibres de chanvre.<\/p><p>Attention cette enduit a un temps de s\u00e9chage assez long (3 mois) du \u00e0 sa r\u00e9alisation en trois couches \u00e0 frais.<\/p>\t\t\t\t\t\t\t\t<\/div>\n\t\t\t\t<\/div>\n\t\t\t\t<\/div>\n\t\t\t\t\t<\/div>\n\t\t\t\t<\/div>\n\t\t<div class=\"elementor-element elementor-element-45cb2a6 e-flex e-con-boxed e-con e-parent\" data-id=\"45cb2a6\" data-element_type=\"container\">\n\t\t\t\t\t<div class=\"e-con-inner\">\n\t\t<div class=\"elementor-element elementor-element-b39fc10 e-grid e-con-full e-con e-child\" data-id=\"b39fc10\" data-element_type=\"container\">\n\t\t\t\t<div class=\"elementor-element elementor-element-5a1d9b8 elementor-widget elementor-widget-image\" data-id=\"5a1d9b8\" data-element_type=\"widget\" data-widget_type=\"image.default\">\n\t\t\t\t<div class=\"elementor-widget-container\">\n\t\t\t\t\t\t\t\t\t\t\t\t<figure class=\"wp-caption\">\n\t\t\t\t\t\t\t\t\t\t<img loading=\"lazy\" decoding=\"async\" width=\"640\" height=\"471\" src=\"https:\/\/ariege-chaux-chanvre.fr\/wp-content\/uploads\/2025\/06\/Ferriere-3.webp\" class=\"attachment-large size-large wp-image-275\" alt=\"\" srcset=\"https:\/\/ariege-chaux-chanvre.fr\/wp-content\/uploads\/2025\/06\/Ferriere-3.webp 800w, https:\/\/ariege-chaux-chanvre.fr\/wp-content\/uploads\/2025\/06\/Ferriere-3-300x221.webp 300w, https:\/\/ariege-chaux-chanvre.fr\/wp-content\/uploads\/2025\/06\/Ferriere-3-768x565.webp 768w\" sizes=\"(max-width: 640px) 100vw, 640px\" \/>\t\t\t\t\t\t\t\t\t\t\t<figcaption class=\"widget-image-caption wp-caption-text\">Restauration compl\u00e8te des enduits<\/figcaption>\n\t\t\t\t\t\t\t\t\t\t<\/figure>\n\t\t\t\t\t\t\t\t\t<\/div>\n\t\t\t\t<\/div>\n\t\t\t\t<div class=\"elementor-element elementor-element-ed8861e elementor-widget elementor-widget-image\" data-id=\"ed8861e\" data-element_type=\"widget\" data-widget_type=\"image.default\">\n\t\t\t\t<div class=\"elementor-widget-container\">\n\t\t\t\t\t\t\t\t\t\t\t\t<figure class=\"wp-caption\">\n\t\t\t\t\t\t\t\t\t\t<img loading=\"lazy\" decoding=\"async\" width=\"640\" height=\"471\" src=\"https:\/\/ariege-chaux-chanvre.fr\/wp-content\/uploads\/2025\/06\/Ferriere-5.webp\" class=\"attachment-large size-large wp-image-276\" alt=\"\" srcset=\"https:\/\/ariege-chaux-chanvre.fr\/wp-content\/uploads\/2025\/06\/Ferriere-5.webp 800w, https:\/\/ariege-chaux-chanvre.fr\/wp-content\/uploads\/2025\/06\/Ferriere-5-300x221.webp 300w, https:\/\/ariege-chaux-chanvre.fr\/wp-content\/uploads\/2025\/06\/Ferriere-5-768x565.webp 768w\" sizes=\"(max-width: 640px) 100vw, 640px\" \/>\t\t\t\t\t\t\t\t\t\t\t<figcaption class=\"widget-image-caption wp-caption-text\">Enduit pl\u00e2tre chaux chanvre fintion pl\u00e2tre<\/figcaption>\n\t\t\t\t\t\t\t\t\t\t<\/figure>\n\t\t\t\t\t\t\t\t\t<\/div>\n\t\t\t\t<\/div>\n\t\t\t\t<\/div>\n\t\t<div class=\"elementor-element elementor-element-2fa2375 e-con-full e-flex e-con e-child\" data-id=\"2fa2375\" data-element_type=\"container\">\n\t\t\t\t<div class=\"elementor-element elementor-element-9dfd782 elementor-widget elementor-widget-image\" data-id=\"9dfd782\" data-element_type=\"widget\" data-widget_type=\"image.default\">\n\t\t\t\t<div class=\"elementor-widget-container\">\n\t\t\t\t\t\t\t\t\t\t\t\t<figure class=\"wp-caption\">\n\t\t\t\t\t\t\t\t\t\t<img loading=\"lazy\" decoding=\"async\" width=\"640\" height=\"208\" src=\"https:\/\/ariege-chaux-chanvre.fr\/wp-content\/uploads\/2025\/05\/Chaux-chanvre-texture-2-1024x333.jpg\" class=\"attachment-large size-large wp-image-24\" alt=\"\" srcset=\"https:\/\/ariege-chaux-chanvre.fr\/wp-content\/uploads\/2025\/05\/Chaux-chanvre-texture-2-1024x333.jpg 1024w, https:\/\/ariege-chaux-chanvre.fr\/wp-content\/uploads\/2025\/05\/Chaux-chanvre-texture-2-300x98.jpg 300w, https:\/\/ariege-chaux-chanvre.fr\/wp-content\/uploads\/2025\/05\/Chaux-chanvre-texture-2-768x250.jpg 768w, https:\/\/ariege-chaux-chanvre.fr\/wp-content\/uploads\/2025\/05\/Chaux-chanvre-texture-2-1536x500.jpg 1536w, https:\/\/ariege-chaux-chanvre.fr\/wp-content\/uploads\/2025\/05\/Chaux-chanvre-texture-2-2048x667.jpg 2048w, https:\/\/ariege-chaux-chanvre.fr\/wp-content\/uploads\/2025\/05\/Chaux-chanvre-texture-2-850x277.jpg 850w\" sizes=\"(max-width: 640px) 100vw, 640px\" \/>\t\t\t\t\t\t\t\t\t\t\t<figcaption class=\"widget-image-caption wp-caption-text\">Enduit pl\u00e2tre chaux chanvre finition lin ponc\u00e9<\/figcaption>\n\t\t\t\t\t\t\t\t\t\t<\/figure>\n\t\t\t\t\t\t\t\t\t<\/div>\n\t\t\t\t<\/div>\n\t\t\t\t<\/div>\n\t\t\t\t\t<\/div>\n\t\t\t\t<\/div>\n\t\t\t\t<\/div>\n\t\t","protected":false},"excerpt":{"rendered":"<p>Des enduits naturels pour un habitat sain La Chaux : Nous utilisons la chaux, en restauration comme en construction neuve, pour ses qualit\u00e9s perspirante et de protection contre la pluie. La chaux est un produit naturel et \u00e9cologique, issu du calcaire, qui va assainir votre habitat et peu vous offrir&#8230;<\/p>\n","protected":false},"author":1,"featured_media":0,"parent":2,"menu_order":0,"comment_status":"closed","ping_status":"closed","template":"","meta":{"footnotes":""},"class_list":["post-99","page","type-page","status-publish","hentry"],"yoast_head":"<!-- This site is optimized with the Yoast SEO plugin v25.2 - https:\/\/yoast.com\/wordpress\/plugins\/seo\/ -->\n<title>Enduits Naturels - Ari\u00e8ge Chaux Chanvre<\/title>\n<meta name=\"robots\" content=\"index, follow, max-snippet:-1, max-image-preview:large, max-video-preview:-1\" \/>\n<link rel=\"canonical\" href=\"https:\/\/ariege-chaux-chanvre.fr\/index.php\/acceuil-ariege-chaux-chanvre\/enduits-naturels\/\" \/>\n<meta property=\"og:locale\" content=\"en_US\" \/>\n<meta property=\"og:type\" content=\"article\" \/>\n<meta property=\"og:title\" content=\"Enduits Naturels - Ari\u00e8ge Chaux Chanvre\" \/>\n<meta property=\"og:description\" content=\"Des enduits naturels pour un habitat sain La Chaux : Nous utilisons la chaux, en restauration comme en construction neuve, pour ses qualit\u00e9s perspirante et de protection contre la pluie. La chaux est un produit naturel et \u00e9cologique, issu du calcaire, qui va assainir votre habitat et peu vous offrir...\" \/>\n<meta property=\"og:url\" content=\"https:\/\/ariege-chaux-chanvre.fr\/index.php\/acceuil-ariege-chaux-chanvre\/enduits-naturels\/\" \/>\n<meta property=\"og:site_name\" content=\"Ari\u00e8ge Chaux Chanvre\" \/>\n<meta property=\"article:modified_time\" content=\"2026-02-11T18:24:54+00:00\" \/>\n<meta property=\"og:image\" content=\"http:\/\/ariege-chaux-chanvre.fr\/wp-content\/uploads\/2025\/05\/Enduit-platre-lin-768x514.jpg\" \/>\n<meta name=\"twitter:card\" content=\"summary_large_image\" \/>\n<meta name=\"twitter:label1\" content=\"Est. reading time\" \/>\n\t<meta name=\"twitter:data1\" content=\"4 minutes\" \/>\n<script type=\"application\/ld+json\" class=\"yoast-schema-graph\">{\"@context\":\"https:\/\/schema.org\",\"@graph\":[{\"@type\":\"WebPage\",\"@id\":\"https:\/\/ariege-chaux-chanvre.fr\/index.php\/acceuil-ariege-chaux-chanvre\/enduits-naturels\/\",\"url\":\"https:\/\/ariege-chaux-chanvre.fr\/index.php\/acceuil-ariege-chaux-chanvre\/enduits-naturels\/\",\"name\":\"Enduits Naturels - Ari\u00e8ge Chaux Chanvre\",\"isPartOf\":{\"@id\":\"https:\/\/ariege-chaux-chanvre.fr\/#website\"},\"primaryImageOfPage\":{\"@id\":\"https:\/\/ariege-chaux-chanvre.fr\/index.php\/acceuil-ariege-chaux-chanvre\/enduits-naturels\/#primaryimage\"},\"image\":{\"@id\":\"https:\/\/ariege-chaux-chanvre.fr\/index.php\/acceuil-ariege-chaux-chanvre\/enduits-naturels\/#primaryimage\"},\"thumbnailUrl\":\"http:\/\/ariege-chaux-chanvre.fr\/wp-content\/uploads\/2025\/05\/Enduit-platre-lin-768x514.jpg\",\"datePublished\":\"2025-05-25T18:19:20+00:00\",\"dateModified\":\"2026-02-11T18:24:54+00:00\",\"breadcrumb\":{\"@id\":\"https:\/\/ariege-chaux-chanvre.fr\/index.php\/acceuil-ariege-chaux-chanvre\/enduits-naturels\/#breadcrumb\"},\"inLanguage\":\"en-US\",\"potentialAction\":[{\"@type\":\"ReadAction\",\"target\":[\"https:\/\/ariege-chaux-chanvre.fr\/index.php\/acceuil-ariege-chaux-chanvre\/enduits-naturels\/\"]}]},{\"@type\":\"ImageObject\",\"inLanguage\":\"en-US\",\"@id\":\"https:\/\/ariege-chaux-chanvre.fr\/index.php\/acceuil-ariege-chaux-chanvre\/enduits-naturels\/#primaryimage\",\"url\":\"https:\/\/ariege-chaux-chanvre.fr\/wp-content\/uploads\/2025\/05\/Enduit-platre-lin.jpg\",\"contentUrl\":\"https:\/\/ariege-chaux-chanvre.fr\/wp-content\/uploads\/2025\/05\/Enduit-platre-lin.jpg\",\"width\":1001,\"height\":670},{\"@type\":\"BreadcrumbList\",\"@id\":\"https:\/\/ariege-chaux-chanvre.fr\/index.php\/acceuil-ariege-chaux-chanvre\/enduits-naturels\/#breadcrumb\",\"itemListElement\":[{\"@type\":\"ListItem\",\"position\":1,\"name\":\"Accueil\",\"item\":\"https:\/\/ariege-chaux-chanvre.fr\/\"},{\"@type\":\"ListItem\",\"position\":2,\"name\":\"Enduits Naturels\"}]},{\"@type\":\"WebSite\",\"@id\":\"https:\/\/ariege-chaux-chanvre.fr\/#website\",\"url\":\"https:\/\/ariege-chaux-chanvre.fr\/\",\"name\":\"Ari\u00e8ge Chaux Chanvre\",\"description\":\"Ma\u00e7onnerie B\u00e2ti Ancien - Enduits Naturels\",\"publisher\":{\"@id\":\"https:\/\/ariege-chaux-chanvre.fr\/#organization\"},\"potentialAction\":[{\"@type\":\"SearchAction\",\"target\":{\"@type\":\"EntryPoint\",\"urlTemplate\":\"https:\/\/ariege-chaux-chanvre.fr\/?s={search_term_string}\"},\"query-input\":{\"@type\":\"PropertyValueSpecification\",\"valueRequired\":true,\"valueName\":\"search_term_string\"}}],\"inLanguage\":\"en-US\"},{\"@type\":\"Organization\",\"@id\":\"https:\/\/ariege-chaux-chanvre.fr\/#organization\",\"name\":\"Ari\u00e8ge Chaux Chanvre\",\"url\":\"https:\/\/ariege-chaux-chanvre.fr\/\",\"logo\":{\"@type\":\"ImageObject\",\"inLanguage\":\"en-US\",\"@id\":\"https:\/\/ariege-chaux-chanvre.fr\/#\/schema\/logo\/image\/\",\"url\":\"https:\/\/ariege-chaux-chanvre.fr\/wp-content\/uploads\/2025\/05\/Logo-ACC-2.jpg\",\"contentUrl\":\"https:\/\/ariege-chaux-chanvre.fr\/wp-content\/uploads\/2025\/05\/Logo-ACC-2.jpg\",\"width\":432,\"height\":212,\"caption\":\"Ari\u00e8ge Chaux Chanvre\"},\"image\":{\"@id\":\"https:\/\/ariege-chaux-chanvre.fr\/#\/schema\/logo\/image\/\"}}]}<\/script>\n<!-- \/ Yoast SEO plugin. -->","yoast_head_json":{"title":"Enduits Naturels - Ari\u00e8ge Chaux Chanvre","robots":{"index":"index","follow":"follow","max-snippet":"max-snippet:-1","max-image-preview":"max-image-preview:large","max-video-preview":"max-video-preview:-1"},"canonical":"https:\/\/ariege-chaux-chanvre.fr\/index.php\/acceuil-ariege-chaux-chanvre\/enduits-naturels\/","og_locale":"en_US","og_type":"article","og_title":"Enduits Naturels - Ari\u00e8ge Chaux Chanvre","og_description":"Des enduits naturels pour un habitat sain La Chaux : Nous utilisons la chaux, en restauration comme en construction neuve, pour ses qualit\u00e9s perspirante et de protection contre la pluie. La chaux est un produit naturel et \u00e9cologique, issu du calcaire, qui va assainir votre habitat et peu vous offrir...","og_url":"https:\/\/ariege-chaux-chanvre.fr\/index.php\/acceuil-ariege-chaux-chanvre\/enduits-naturels\/","og_site_name":"Ari\u00e8ge Chaux Chanvre","article_modified_time":"2026-02-11T18:24:54+00:00","og_image":[{"url":"http:\/\/ariege-chaux-chanvre.fr\/wp-content\/uploads\/2025\/05\/Enduit-platre-lin-768x514.jpg","type":"","width":"","height":""}],"twitter_card":"summary_large_image","twitter_misc":{"Est. reading time":"4 minutes"},"schema":{"@context":"https:\/\/schema.org","@graph":[{"@type":"WebPage","@id":"https:\/\/ariege-chaux-chanvre.fr\/index.php\/acceuil-ariege-chaux-chanvre\/enduits-naturels\/","url":"https:\/\/ariege-chaux-chanvre.fr\/index.php\/acceuil-ariege-chaux-chanvre\/enduits-naturels\/","name":"Enduits Naturels - Ari\u00e8ge Chaux Chanvre","isPartOf":{"@id":"https:\/\/ariege-chaux-chanvre.fr\/#website"},"primaryImageOfPage":{"@id":"https:\/\/ariege-chaux-chanvre.fr\/index.php\/acceuil-ariege-chaux-chanvre\/enduits-naturels\/#primaryimage"},"image":{"@id":"https:\/\/ariege-chaux-chanvre.fr\/index.php\/acceuil-ariege-chaux-chanvre\/enduits-naturels\/#primaryimage"},"thumbnailUrl":"http:\/\/ariege-chaux-chanvre.fr\/wp-content\/uploads\/2025\/05\/Enduit-platre-lin-768x514.jpg","datePublished":"2025-05-25T18:19:20+00:00","dateModified":"2026-02-11T18:24:54+00:00","breadcrumb":{"@id":"https:\/\/ariege-chaux-chanvre.fr\/index.php\/acceuil-ariege-chaux-chanvre\/enduits-naturels\/#breadcrumb"},"inLanguage":"en-US","potentialAction":[{"@type":"ReadAction","target":["https:\/\/ariege-chaux-chanvre.fr\/index.php\/acceuil-ariege-chaux-chanvre\/enduits-naturels\/"]}]},{"@type":"ImageObject","inLanguage":"en-US","@id":"https:\/\/ariege-chaux-chanvre.fr\/index.php\/acceuil-ariege-chaux-chanvre\/enduits-naturels\/#primaryimage","url":"https:\/\/ariege-chaux-chanvre.fr\/wp-content\/uploads\/2025\/05\/Enduit-platre-lin.jpg","contentUrl":"https:\/\/ariege-chaux-chanvre.fr\/wp-content\/uploads\/2025\/05\/Enduit-platre-lin.jpg","width":1001,"height":670},{"@type":"BreadcrumbList","@id":"https:\/\/ariege-chaux-chanvre.fr\/index.php\/acceuil-ariege-chaux-chanvre\/enduits-naturels\/#breadcrumb","itemListElement":[{"@type":"ListItem","position":1,"name":"Accueil","item":"https:\/\/ariege-chaux-chanvre.fr\/"},{"@type":"ListItem","position":2,"name":"Enduits Naturels"}]},{"@type":"WebSite","@id":"https:\/\/ariege-chaux-chanvre.fr\/#website","url":"https:\/\/ariege-chaux-chanvre.fr\/","name":"Ari\u00e8ge Chaux Chanvre","description":"Ma\u00e7onnerie B\u00e2ti Ancien - Enduits Naturels","publisher":{"@id":"https:\/\/ariege-chaux-chanvre.fr\/#organization"},"potentialAction":[{"@type":"SearchAction","target":{"@type":"EntryPoint","urlTemplate":"https:\/\/ariege-chaux-chanvre.fr\/?s={search_term_string}"},"query-input":{"@type":"PropertyValueSpecification","valueRequired":true,"valueName":"search_term_string"}}],"inLanguage":"en-US"},{"@type":"Organization","@id":"https:\/\/ariege-chaux-chanvre.fr\/#organization","name":"Ari\u00e8ge Chaux Chanvre","url":"https:\/\/ariege-chaux-chanvre.fr\/","logo":{"@type":"ImageObject","inLanguage":"en-US","@id":"https:\/\/ariege-chaux-chanvre.fr\/#\/schema\/logo\/image\/","url":"https:\/\/ariege-chaux-chanvre.fr\/wp-content\/uploads\/2025\/05\/Logo-ACC-2.jpg","contentUrl":"https:\/\/ariege-chaux-chanvre.fr\/wp-content\/uploads\/2025\/05\/Logo-ACC-2.jpg","width":432,"height":212,"caption":"Ari\u00e8ge Chaux Chanvre"},"image":{"@id":"https:\/\/ariege-chaux-chanvre.fr\/#\/schema\/logo\/image\/"}}]}},"_links":{"self":[{"href":"https:\/\/ariege-chaux-chanvre.fr\/index.php\/wp-json\/wp\/v2\/pages\/99","targetHints":{"allow":["GET"]}}],"collection":[{"href":"https:\/\/ariege-chaux-chanvre.fr\/index.php\/wp-json\/wp\/v2\/pages"}],"about":[{"href":"https:\/\/ariege-chaux-chanvre.fr\/index.php\/wp-json\/wp\/v2\/types\/page"}],"author":[{"embeddable":true,"href":"https:\/\/ariege-chaux-chanvre.fr\/index.php\/wp-json\/wp\/v2\/users\/1"}],"replies":[{"embeddable":true,"href":"https:\/\/ariege-chaux-chanvre.fr\/index.php\/wp-json\/wp\/v2\/comments?post=99"}],"version-history":[{"count":37,"href":"https:\/\/ariege-chaux-chanvre.fr\/index.php\/wp-json\/wp\/v2\/pages\/99\/revisions"}],"predecessor-version":[{"id":521,"href":"https:\/\/ariege-chaux-chanvre.fr\/index.php\/wp-json\/wp\/v2\/pages\/99\/revisions\/521"}],"up":[{"embeddable":true,"href":"https:\/\/ariege-chaux-chanvre.fr\/index.php\/wp-json\/wp\/v2\/pages\/2"}],"wp:attachment":[{"href":"https:\/\/ariege-chaux-chanvre.fr\/index.php\/wp-json\/wp\/v2\/media?parent=99"}],"curies":[{"name":"wp","href":"https:\/\/api.w.org\/{rel}","templated":true}]}}